{"id":124,"date":"2022-01-19T17:05:12","date_gmt":"2022-01-19T16:05:12","guid":{"rendered":"https:\/\/bmi.expert\/?page_id=124"},"modified":"2022-01-27T16:32:31","modified_gmt":"2022-01-27T15:32:31","slug":"quellenangaben","status":"publish","type":"page","link":"https:\/\/bmi.expert\/en\/sources\/","title":{"rendered":"References"},"content":{"rendered":"<h1 class=\"wp-block-heading\" id=\"bildnachweise\">Image credits<\/h1>\n\n\n\n<p>This website uses the images listed below, among others. Many thanks to the numerous artists who have made their works available free of charge!<\/p>\n\n\n\n<ul class=\"wp-block-list\"><li>Image from <a href=\"https:\/\/pixabay.com\/de\/users\/loginueve_ilustra-12954610\/?utm_source=link-attribution&amp;utm_medium=referral&amp;utm_campaign=image&amp;utm_content=5193383\" target=\"_blank\" rel=\"noreferrer noopener\">Hugo Hercer<\/a> at <a href=\"https:\/\/pixabay.com\/de\/?utm_source=link-attribution&amp;utm_medium=referral&amp;utm_campaign=image&amp;utm_content=5193383\" target=\"_blank\" rel=\"noreferrer noopener\">Pixabay<\/a><\/li><li>Image from <a href=\"https:\/\/pixabay.com\/de\/users\/cdd20-1193381\/?utm_source=link-attribution&amp;utm_medium=referral&amp;utm_campaign=image&amp;utm_content=6839521\" target=\"_blank\" rel=\"noreferrer noopener\">\u611a\u6728\u6df7\u682a Cdd20<\/a> at <a href=\"https:\/\/pixabay.com\/de\/?utm_source=link-attribution&amp;utm_medium=referral&amp;utm_campaign=image&amp;utm_content=6839521\">Pixabay<\/a><\/li><\/ul>\n\n\n\n<p><\/p>","protected":false},"excerpt":{"rendered":"<p>Image credits This website uses the images listed below, among others. Many thanks to the numerous artists who have made their work available free of charge! Image by Hugo Hercer on Pixabay Image by \u611a\u6728\u6df7\u682a Cdd20 on Pixabay<\/p>","protected":false},"author":2,"featured_media":0,"parent":0,"menu_order":0,"comment_status":"closed","ping_status":"closed","template":"","meta":{"footnotes":""},"class_list":["post-124","page","type-page","status-publish","hentry"],"yoast_head":"<!-- This site is optimized with the Yoast SEO plugin v27.4 - https:\/\/yoast.com\/product\/yoast-seo-wordpress\/ -->\n<title>Quellenangaben - BMI Expert<\/title>\n<meta name=\"robots\" content=\"index, follow, max-snippet:-1, max-image-preview:large, max-video-preview:-1\" \/>\n<link rel=\"canonical\" href=\"https:\/\/bmi.expert\/en\/sources\/\" \/>\n<meta property=\"og:locale\" content=\"en_US\" \/>\n<meta property=\"og:type\" content=\"article\" \/>\n<meta property=\"og:title\" content=\"Quellenangaben - BMI Expert\" \/>\n<meta property=\"og:description\" content=\"Bildnachweise Diese Webseite verwendet unter anderem die im folgenden aufgelisteten Bilder. Ganz herzlichen Dank geb\u00fchrt den zahlreichen K\u00fcnstlern, die ihre Werke kostenfrei zur Verf\u00fcgung gestellten! Bild von Hugo Hercer auf Pixabay Bild von \u611a\u6728\u6df7\u682a Cdd20 auf Pixabay\" \/>\n<meta property=\"og:url\" content=\"https:\/\/bmi.expert\/en\/sources\/\" \/>\n<meta property=\"og:site_name\" content=\"BMI Expert\" \/>\n<meta property=\"article:modified_time\" content=\"2022-01-27T15:32:31+00:00\" \/>\n<meta name=\"twitter:card\" content=\"summary_large_image\" \/>\n<meta name=\"twitter:label1\" content=\"Est. reading time\" \/>\n\t<meta name=\"twitter:data1\" content=\"1 minute\" \/>\n<script type=\"application\/ld+json\" class=\"yoast-schema-graph\">{\"@context\":\"https:\\\/\\\/schema.org\",\"@graph\":[{\"@type\":\"WebPage\",\"@id\":\"https:\\\/\\\/bmi.expert\\\/quellenangaben\\\/\",\"url\":\"https:\\\/\\\/bmi.expert\\\/quellenangaben\\\/\",\"name\":\"Quellenangaben - BMI Expert\",\"isPartOf\":{\"@id\":\"https:\\\/\\\/bmi.expert\\\/#website\"},\"datePublished\":\"2022-01-19T16:05:12+00:00\",\"dateModified\":\"2022-01-27T15:32:31+00:00\",\"breadcrumb\":{\"@id\":\"https:\\\/\\\/bmi.expert\\\/quellenangaben\\\/#breadcrumb\"},\"inLanguage\":\"en-US\",\"potentialAction\":[{\"@type\":\"ReadAction\",\"target\":[\"https:\\\/\\\/bmi.expert\\\/quellenangaben\\\/\"]}]},{\"@type\":\"BreadcrumbList\",\"@id\":\"https:\\\/\\\/bmi.expert\\\/quellenangaben\\\/#breadcrumb\",\"itemListElement\":[{\"@type\":\"ListItem\",\"position\":1,\"name\":\"Startseite\",\"item\":\"https:\\\/\\\/bmi.expert\\\/\"},{\"@type\":\"ListItem\",\"position\":2,\"name\":\"Quellenangaben\"}]},{\"@type\":\"WebSite\",\"@id\":\"https:\\\/\\\/bmi.expert\\\/#website\",\"url\":\"https:\\\/\\\/bmi.expert\\\/\",\"name\":\"BMI Expert\",\"description\":\"Strategische Innovationsberatung und Advisory f\u00fcr neuaufkommende Digitaltechnologien.\",\"publisher\":{\"@id\":\"https:\\\/\\\/bmi.expert\\\/#organization\"},\"potentialAction\":[{\"@type\":\"SearchAction\",\"target\":{\"@type\":\"EntryPoint\",\"urlTemplate\":\"https:\\\/\\\/bmi.expert\\\/?s={search_term_string}\"},\"query-input\":{\"@type\":\"PropertyValueSpecification\",\"valueRequired\":true,\"valueName\":\"search_term_string\"}}],\"inLanguage\":\"en-US\"},{\"@type\":\"Organization\",\"@id\":\"https:\\\/\\\/bmi.expert\\\/#organization\",\"name\":\"BMI Expert\",\"url\":\"https:\\\/\\\/bmi.expert\\\/\",\"logo\":{\"@type\":\"ImageObject\",\"inLanguage\":\"en-US\",\"@id\":\"https:\\\/\\\/bmi.expert\\\/#\\\/schema\\\/logo\\\/image\\\/\",\"url\":\"https:\\\/\\\/bmi.expert\\\/wp-content\\\/uploads\\\/2022\\\/05\\\/Logo-and-Favicon-BMI-Expert-V.7.jpg\",\"contentUrl\":\"https:\\\/\\\/bmi.expert\\\/wp-content\\\/uploads\\\/2022\\\/05\\\/Logo-and-Favicon-BMI-Expert-V.7.jpg\",\"width\":500,\"height\":500,\"caption\":\"BMI Expert\"},\"image\":{\"@id\":\"https:\\\/\\\/bmi.expert\\\/#\\\/schema\\\/logo\\\/image\\\/\"}}]}<\/script>\n<!-- \/ Yoast SEO plugin. -->","yoast_head_json":{"title":"References - BMI Expert","robots":{"index":"index","follow":"follow","max-snippet":"max-snippet:-1","max-image-preview":"max-image-preview:large","max-video-preview":"max-video-preview:-1"},"canonical":"https:\/\/bmi.expert\/en\/sources\/","og_locale":"en_US","og_type":"article","og_title":"Quellenangaben - BMI Expert","og_description":"Bildnachweise Diese Webseite verwendet unter anderem die im folgenden aufgelisteten Bilder. Ganz herzlichen Dank geb\u00fchrt den zahlreichen K\u00fcnstlern, die ihre Werke kostenfrei zur Verf\u00fcgung gestellten! Bild von Hugo Hercer auf Pixabay Bild von \u611a\u6728\u6df7\u682a Cdd20 auf Pixabay","og_url":"https:\/\/bmi.expert\/en\/sources\/","og_site_name":"BMI Expert","article_modified_time":"2022-01-27T15:32:31+00:00","twitter_card":"summary_large_image","twitter_misc":{"Est. reading time":"1 minute"},"schema":{"@context":"https:\/\/schema.org","@graph":[{"@type":"WebPage","@id":"https:\/\/bmi.expert\/quellenangaben\/","url":"https:\/\/bmi.expert\/quellenangaben\/","name":"References - BMI Expert","isPartOf":{"@id":"https:\/\/bmi.expert\/#website"},"datePublished":"2022-01-19T16:05:12+00:00","dateModified":"2022-01-27T15:32:31+00:00","breadcrumb":{"@id":"https:\/\/bmi.expert\/quellenangaben\/#breadcrumb"},"inLanguage":"en-US","potentialAction":[{"@type":"ReadAction","target":["https:\/\/bmi.expert\/quellenangaben\/"]}]},{"@type":"BreadcrumbList","@id":"https:\/\/bmi.expert\/quellenangaben\/#breadcrumb","itemListElement":[{"@type":"ListItem","position":1,"name":"Startseite","item":"https:\/\/bmi.expert\/"},{"@type":"ListItem","position":2,"name":"Quellenangaben"}]},{"@type":"WebSite","@id":"https:\/\/bmi.expert\/#website","url":"https:\/\/bmi.expert\/","name":"BMI Expert","description":"Strategic innovation consulting and advisory for emerging digital technologies.","publisher":{"@id":"https:\/\/bmi.expert\/#organization"},"potentialAction":[{"@type":"SearchAction","target":{"@type":"EntryPoint","urlTemplate":"https:\/\/bmi.expert\/?s={search_term_string}"},"query-input":{"@type":"PropertyValueSpecification","valueRequired":true,"valueName":"search_term_string"}}],"inLanguage":"en-US"},{"@type":"Organization","@id":"https:\/\/bmi.expert\/#organization","name":"BMI Expert","url":"https:\/\/bmi.expert\/","logo":{"@type":"ImageObject","inLanguage":"en-US","@id":"https:\/\/bmi.expert\/#\/schema\/logo\/image\/","url":"https:\/\/bmi.expert\/wp-content\/uploads\/2022\/05\/Logo-and-Favicon-BMI-Expert-V.7.jpg","contentUrl":"https:\/\/bmi.expert\/wp-content\/uploads\/2022\/05\/Logo-and-Favicon-BMI-Expert-V.7.jpg","width":500,"height":500,"caption":"BMI Expert"},"image":{"@id":"https:\/\/bmi.expert\/#\/schema\/logo\/image\/"}}]}},"_links":{"self":[{"href":"https:\/\/bmi.expert\/en\/wp-json\/wp\/v2\/pages\/124","targetHints":{"allow":["GET"]}}],"collection":[{"href":"https:\/\/bmi.expert\/en\/wp-json\/wp\/v2\/pages"}],"about":[{"href":"https:\/\/bmi.expert\/en\/wp-json\/wp\/v2\/types\/page"}],"author":[{"embeddable":true,"href":"https:\/\/bmi.expert\/en\/wp-json\/wp\/v2\/users\/2"}],"replies":[{"embeddable":true,"href":"https:\/\/bmi.expert\/en\/wp-json\/wp\/v2\/comments?post=124"}],"version-history":[{"count":4,"href":"https:\/\/bmi.expert\/en\/wp-json\/wp\/v2\/pages\/124\/revisions"}],"predecessor-version":[{"id":172,"href":"https:\/\/bmi.expert\/en\/wp-json\/wp\/v2\/pages\/124\/revisions\/172"}],"wp:attachment":[{"href":"https:\/\/bmi.expert\/en\/wp-json\/wp\/v2\/media?parent=124"}],"curies":[{"name":"wp","href":"https:\/\/api.w.org\/{rel}","templated":true}]}}