{"id":160,"date":"2022-01-20T17:53:57","date_gmt":"2022-01-20T16:53:57","guid":{"rendered":"https:\/\/bmi.expert\/?page_id=160"},"modified":"2022-05-30T16:07:07","modified_gmt":"2022-05-30T14:07:07","slug":"profil","status":"publish","type":"page","link":"https:\/\/bmi.expert\/en\/profile\/","title":{"rendered":"Profile"},"content":{"rendered":"<p>Richard Hagl is an expert in business model innovation (BMI) and an experienced manager of innovative digital projects with more than 20 years of experience. He was born in Munich, is married and has three children. <\/p>\n\n\n\n<p>Richard Hagl holds degrees in Electrical Engineering and Computer Science from the University of Wisconsin, USA; a degree in Systems Engineering from the University of Applied Sciences, Munich; and completed his doctorate from 2014 to 2020 at the Waterford Institute of Technology in Ireland (Business Administration) on the topic \"Impact of Augmented Reality and Virtual Reality Technologies on Business Model Innovation\".<\/p>\n\n\n\n<p><br>In addition, Richard Hagl is a book author and has relevant entrepreneurial experience with a focus on founding, start-ups and entrepreneurship. The ideal field of application for Richard Hagl is if your company wants to design, develop and roll out a new type of technology (e.g. augmented reality or virtual reality) and\/or a new type of business model, or if you want to set up a spin-off. In projects of this kind, Richard Hagl can provide you with advice and operational support in all phases from conception and development to market launch; he is also happy to take the lead and assume responsibility, e.g. as interim manager or co-founder.<\/p>\n\n\n\n<p>-&gt; You can download the complete expert profile <a href=\"mailto:hagl@bmi.expert\">request by email<\/a>.<\/p>","protected":false},"excerpt":{"rendered":"<p>Richard Hagl ist Experte f\u00fcr die Innovation von Gesch\u00e4ftsmodellen (BMI) und erfahrener Manager von innovativen Digitalprojekten mit mehr als 20 Jahren Erfahrung. Er ist geb\u00fcrtiger M\u00fcnchner, verheiratet und Vater von drei Kindern. Richard Hagl h\u00e4lt Abschl\u00fcsse in Elektrotechnik und Informatik von der University Wisconsin, USA; einen Abschluss in Systems Engineering von der University of Applied [&hellip;]<\/p>\n","protected":false},"author":2,"featured_media":0,"parent":0,"menu_order":0,"comment_status":"closed","ping_status":"closed","template":"","meta":{"footnotes":""},"class_list":["post-160","page","type-page","status-publish","hentry"],"yoast_head":"<!-- This site is optimized with the Yoast SEO plugin v27.4 - https:\/\/yoast.com\/product\/yoast-seo-wordpress\/ -->\n<title>Profil - BMI Expert<\/title>\n<meta name=\"robots\" content=\"index, follow, max-snippet:-1, max-image-preview:large, max-video-preview:-1\" \/>\n<link rel=\"canonical\" href=\"https:\/\/bmi.expert\/en\/profile\/\" \/>\n<meta property=\"og:locale\" content=\"en_US\" \/>\n<meta property=\"og:type\" content=\"article\" \/>\n<meta property=\"og:title\" content=\"Profil - BMI Expert\" \/>\n<meta property=\"og:description\" content=\"Richard Hagl ist Experte f\u00fcr die Innovation von Gesch\u00e4ftsmodellen (BMI) und erfahrener Manager von innovativen Digitalprojekten mit mehr als 20 Jahren Erfahrung. Er ist geb\u00fcrtiger M\u00fcnchner, verheiratet und Vater von drei Kindern. Richard Hagl h\u00e4lt Abschl\u00fcsse in Elektrotechnik und Informatik von der University Wisconsin, USA; einen Abschluss in Systems Engineering von der University of Applied [&hellip;]\" \/>\n<meta property=\"og:url\" content=\"https:\/\/bmi.expert\/en\/profile\/\" \/>\n<meta property=\"og:site_name\" content=\"BMI Expert\" \/>\n<meta property=\"article:modified_time\" content=\"2022-05-30T14:07:07+00:00\" \/>\n<meta name=\"twitter:card\" content=\"summary_large_image\" \/>\n<meta name=\"twitter:label1\" content=\"Est. reading time\" \/>\n\t<meta name=\"twitter:data1\" content=\"1 minute\" \/>\n<script type=\"application\/ld+json\" class=\"yoast-schema-graph\">{\"@context\":\"https:\\\/\\\/schema.org\",\"@graph\":[{\"@type\":\"WebPage\",\"@id\":\"https:\\\/\\\/bmi.expert\\\/profil\\\/\",\"url\":\"https:\\\/\\\/bmi.expert\\\/profil\\\/\",\"name\":\"Profil - BMI Expert\",\"isPartOf\":{\"@id\":\"https:\\\/\\\/bmi.expert\\\/#website\"},\"datePublished\":\"2022-01-20T16:53:57+00:00\",\"dateModified\":\"2022-05-30T14:07:07+00:00\",\"breadcrumb\":{\"@id\":\"https:\\\/\\\/bmi.expert\\\/profil\\\/#breadcrumb\"},\"inLanguage\":\"en-US\",\"potentialAction\":[{\"@type\":\"ReadAction\",\"target\":[\"https:\\\/\\\/bmi.expert\\\/profil\\\/\"]}]},{\"@type\":\"BreadcrumbList\",\"@id\":\"https:\\\/\\\/bmi.expert\\\/profil\\\/#breadcrumb\",\"itemListElement\":[{\"@type\":\"ListItem\",\"position\":1,\"name\":\"Startseite\",\"item\":\"https:\\\/\\\/bmi.expert\\\/\"},{\"@type\":\"ListItem\",\"position\":2,\"name\":\"Profil\"}]},{\"@type\":\"WebSite\",\"@id\":\"https:\\\/\\\/bmi.expert\\\/#website\",\"url\":\"https:\\\/\\\/bmi.expert\\\/\",\"name\":\"BMI Expert\",\"description\":\"Strategische Innovationsberatung und Advisory f\u00fcr neuaufkommende Digitaltechnologien.\",\"publisher\":{\"@id\":\"https:\\\/\\\/bmi.expert\\\/#organization\"},\"potentialAction\":[{\"@type\":\"SearchAction\",\"target\":{\"@type\":\"EntryPoint\",\"urlTemplate\":\"https:\\\/\\\/bmi.expert\\\/?s={search_term_string}\"},\"query-input\":{\"@type\":\"PropertyValueSpecification\",\"valueRequired\":true,\"valueName\":\"search_term_string\"}}],\"inLanguage\":\"en-US\"},{\"@type\":\"Organization\",\"@id\":\"https:\\\/\\\/bmi.expert\\\/#organization\",\"name\":\"BMI Expert\",\"url\":\"https:\\\/\\\/bmi.expert\\\/\",\"logo\":{\"@type\":\"ImageObject\",\"inLanguage\":\"en-US\",\"@id\":\"https:\\\/\\\/bmi.expert\\\/#\\\/schema\\\/logo\\\/image\\\/\",\"url\":\"https:\\\/\\\/bmi.expert\\\/wp-content\\\/uploads\\\/2022\\\/05\\\/Logo-and-Favicon-BMI-Expert-V.7.jpg\",\"contentUrl\":\"https:\\\/\\\/bmi.expert\\\/wp-content\\\/uploads\\\/2022\\\/05\\\/Logo-and-Favicon-BMI-Expert-V.7.jpg\",\"width\":500,\"height\":500,\"caption\":\"BMI Expert\"},\"image\":{\"@id\":\"https:\\\/\\\/bmi.expert\\\/#\\\/schema\\\/logo\\\/image\\\/\"}}]}<\/script>\n<!-- \/ Yoast SEO plugin. -->","yoast_head_json":{"title":"Profile - BMI Expert","robots":{"index":"index","follow":"follow","max-snippet":"max-snippet:-1","max-image-preview":"max-image-preview:large","max-video-preview":"max-video-preview:-1"},"canonical":"https:\/\/bmi.expert\/en\/profile\/","og_locale":"en_US","og_type":"article","og_title":"Profil - BMI Expert","og_description":"Richard Hagl ist Experte f\u00fcr die Innovation von Gesch\u00e4ftsmodellen (BMI) und erfahrener Manager von innovativen Digitalprojekten mit mehr als 20 Jahren Erfahrung. Er ist geb\u00fcrtiger M\u00fcnchner, verheiratet und Vater von drei Kindern. Richard Hagl h\u00e4lt Abschl\u00fcsse in Elektrotechnik und Informatik von der University Wisconsin, USA; einen Abschluss in Systems Engineering von der University of Applied [&hellip;]","og_url":"https:\/\/bmi.expert\/en\/profile\/","og_site_name":"BMI Expert","article_modified_time":"2022-05-30T14:07:07+00:00","twitter_card":"summary_large_image","twitter_misc":{"Est. reading time":"1 minute"},"schema":{"@context":"https:\/\/schema.org","@graph":[{"@type":"WebPage","@id":"https:\/\/bmi.expert\/profil\/","url":"https:\/\/bmi.expert\/profil\/","name":"Profile - BMI Expert","isPartOf":{"@id":"https:\/\/bmi.expert\/#website"},"datePublished":"2022-01-20T16:53:57+00:00","dateModified":"2022-05-30T14:07:07+00:00","breadcrumb":{"@id":"https:\/\/bmi.expert\/profil\/#breadcrumb"},"inLanguage":"en-US","potentialAction":[{"@type":"ReadAction","target":["https:\/\/bmi.expert\/profil\/"]}]},{"@type":"BreadcrumbList","@id":"https:\/\/bmi.expert\/profil\/#breadcrumb","itemListElement":[{"@type":"ListItem","position":1,"name":"Startseite","item":"https:\/\/bmi.expert\/"},{"@type":"ListItem","position":2,"name":"Profil"}]},{"@type":"WebSite","@id":"https:\/\/bmi.expert\/#website","url":"https:\/\/bmi.expert\/","name":"BMI Expert","description":"Strategic innovation consulting and advisory for emerging digital technologies.","publisher":{"@id":"https:\/\/bmi.expert\/#organization"},"potentialAction":[{"@type":"SearchAction","target":{"@type":"EntryPoint","urlTemplate":"https:\/\/bmi.expert\/?s={search_term_string}"},"query-input":{"@type":"PropertyValueSpecification","valueRequired":true,"valueName":"search_term_string"}}],"inLanguage":"en-US"},{"@type":"Organization","@id":"https:\/\/bmi.expert\/#organization","name":"BMI Expert","url":"https:\/\/bmi.expert\/","logo":{"@type":"ImageObject","inLanguage":"en-US","@id":"https:\/\/bmi.expert\/#\/schema\/logo\/image\/","url":"https:\/\/bmi.expert\/wp-content\/uploads\/2022\/05\/Logo-and-Favicon-BMI-Expert-V.7.jpg","contentUrl":"https:\/\/bmi.expert\/wp-content\/uploads\/2022\/05\/Logo-and-Favicon-BMI-Expert-V.7.jpg","width":500,"height":500,"caption":"BMI Expert"},"image":{"@id":"https:\/\/bmi.expert\/#\/schema\/logo\/image\/"}}]}},"_links":{"self":[{"href":"https:\/\/bmi.expert\/en\/wp-json\/wp\/v2\/pages\/160","targetHints":{"allow":["GET"]}}],"collection":[{"href":"https:\/\/bmi.expert\/en\/wp-json\/wp\/v2\/pages"}],"about":[{"href":"https:\/\/bmi.expert\/en\/wp-json\/wp\/v2\/types\/page"}],"author":[{"embeddable":true,"href":"https:\/\/bmi.expert\/en\/wp-json\/wp\/v2\/users\/2"}],"replies":[{"embeddable":true,"href":"https:\/\/bmi.expert\/en\/wp-json\/wp\/v2\/comments?post=160"}],"version-history":[{"count":9,"href":"https:\/\/bmi.expert\/en\/wp-json\/wp\/v2\/pages\/160\/revisions"}],"predecessor-version":[{"id":341,"href":"https:\/\/bmi.expert\/en\/wp-json\/wp\/v2\/pages\/160\/revisions\/341"}],"wp:attachment":[{"href":"https:\/\/bmi.expert\/en\/wp-json\/wp\/v2\/media?parent=160"}],"curies":[{"name":"wp","href":"https:\/\/api.w.org\/{rel}","templated":true}]}}