{"id":253,"date":"2022-05-25T09:29:13","date_gmt":"2022-05-25T07:29:13","guid":{"rendered":"https:\/\/bmi.expert\/?page_id=253"},"modified":"2022-05-30T19:31:46","modified_gmt":"2022-05-30T17:31:46","slug":"start","status":"publish","type":"page","link":"https:\/\/bmi.expert\/en\/","title":{"rendered":"Home"},"content":{"rendered":"<p>Welcome to BMI Expert. My name is Richard Hagl. I am an expert in business model innovation. <em>Business Model Innovation (BMI)<\/em>abbreviated as BMI) and for digital technologies such as augmented reality (AR) and virtual reality (VR). <\/p>\n\n\n\n<div class=\"wp-block-columns is-layout-flex wp-container-core-columns-is-layout-9d6595d7 wp-block-columns-is-layout-flex\">\n<div class=\"wp-block-column is-layout-flow wp-block-column-is-layout-flow\">\n<p>In this role, I support my clients in the further development of their business models and in the successful implementation of their augmented reality and\/or virtual reality technology projects. I use BMI as a strategic tool to master the challenges of the innovation process, but also as a creative method to identify new business areas, business ideas and corporate approaches.<\/p>\n<\/div>\n\n\n\n<div class=\"wp-block-column is-layout-flow wp-block-column-is-layout-flow\">\n<figure class=\"wp-block-image size-full\"><img loading=\"lazy\" decoding=\"async\" width=\"300\" height=\"300\" src=\"https:\/\/bmi.expert\/wp-content\/uploads\/2022\/05\/2020-01-28-A-300-x-300.jpg\" alt=\"\" class=\"wp-image-254\" srcset=\"https:\/\/bmi.expert\/wp-content\/uploads\/2022\/05\/2020-01-28-A-300-x-300.jpg 300w, https:\/\/bmi.expert\/wp-content\/uploads\/2022\/05\/2020-01-28-A-300-x-300-150x150.jpg 150w, https:\/\/bmi.expert\/wp-content\/uploads\/2022\/05\/2020-01-28-A-300-x-300-12x12.jpg 12w\" sizes=\"auto, (max-width: 300px) 100vw, 300px\" \/><figcaption>Dr. Richard Hagl, expert in business model innovation through augmented reality and virtual reality technology.<\/figcaption><\/figure>\n<\/div>\n<\/div>\n\n\n\n<p>My clients include globally active family businesses and corporations. They are often world market leaders in their segment (e.g. hidden champions) and attach great importance to being innovation leaders in their industry.<\/p>\n\n\n\n<p>Under <a href=\"https:\/\/bmi.expert\/en\/profile\/\">Profile<\/a> you will find details about me and selected projects. Under <a href=\"https:\/\/bmi.expert\/en\/consulting\/\">Services<\/a> you will find information about my consulting approach and consulting services. At <a href=\"https:\/\/bmi.expert\/en\/publications\/\">Publications<\/a> you will find scientific publications and books by me. In the section <a href=\"https:\/\/bmi.expert\/en\/business-model-innovation-tools\/\">BMI Tools<\/a> I provide some tools for the innovation of business models and in the <a href=\"https:\/\/bmi.expert\/en\/business-model-innovation-articles\/\">Blog<\/a> I occasionally write about BMI topics. Do you have any questions, suggestions or need support? Then please feel free to contact <a href=\"https:\/\/bmi.expert\/en\/contact\/\">Contact<\/a> me at any time!<\/p>","protected":false},"excerpt":{"rendered":"<p>Herzlich willkommen bei BMI Expert. Mein Name ist Richard Hagl. Ich bin Experte f\u00fcr die Innovation von Gesch\u00e4ftsmodellen (engl. Business Model Innovation, abgek\u00fcrzt BMI) und f\u00fcr digitale Technologien, wie Augmented Reality (AR) und Virtual Reality (VR). In dieser Funktion unterst\u00fctze ich meine Kunden bei der Weiterentwicklung ihrer Gesch\u00e4ftsmodelle und bei der erfolgreichen Umsetzung ihrer Augmented [&hellip;]<\/p>\n","protected":false},"author":2,"featured_media":0,"parent":0,"menu_order":0,"comment_status":"closed","ping_status":"closed","template":"","meta":{"footnotes":""},"class_list":["post-253","page","type-page","status-publish","hentry"],"yoast_head":"<!-- This site is optimized with the Yoast SEO plugin v27.5 - https:\/\/yoast.com\/product\/yoast-seo-wordpress\/ -->\n<title>Home - BMI Expert<\/title>\n<meta name=\"robots\" content=\"index, follow, max-snippet:-1, max-image-preview:large, max-video-preview:-1\" \/>\n<link rel=\"canonical\" href=\"https:\/\/bmi.expert\/en\/\" \/>\n<meta property=\"og:locale\" content=\"en_US\" \/>\n<meta property=\"og:type\" content=\"article\" \/>\n<meta property=\"og:title\" content=\"Home - BMI Expert\" \/>\n<meta property=\"og:description\" content=\"Herzlich willkommen bei BMI Expert. Mein Name ist Richard Hagl. Ich bin Experte f\u00fcr die Innovation von Gesch\u00e4ftsmodellen (engl. Business Model Innovation, abgek\u00fcrzt BMI) und f\u00fcr digitale Technologien, wie Augmented Reality (AR) und Virtual Reality (VR). In dieser Funktion unterst\u00fctze ich meine Kunden bei der Weiterentwicklung ihrer Gesch\u00e4ftsmodelle und bei der erfolgreichen Umsetzung ihrer Augmented [&hellip;]\" \/>\n<meta property=\"og:url\" content=\"https:\/\/bmi.expert\/en\/\" \/>\n<meta property=\"og:site_name\" content=\"BMI Expert\" \/>\n<meta property=\"article:modified_time\" content=\"2022-05-30T17:31:46+00:00\" \/>\n<meta property=\"og:image\" content=\"https:\/\/bmi.expert\/wp-content\/uploads\/2022\/05\/2020-01-28-A-300-x-300.jpg\" \/>\n<meta name=\"twitter:card\" content=\"summary_large_image\" \/>\n<meta name=\"twitter:label1\" content=\"Est. reading time\" \/>\n\t<meta name=\"twitter:data1\" content=\"2 minutes\" \/>\n<script type=\"application\/ld+json\" class=\"yoast-schema-graph\">{\"@context\":\"https:\\\/\\\/schema.org\",\"@graph\":[{\"@type\":\"WebPage\",\"@id\":\"https:\\\/\\\/bmi.expert\\\/\",\"url\":\"https:\\\/\\\/bmi.expert\\\/\",\"name\":\"Home - BMI Expert\",\"isPartOf\":{\"@id\":\"https:\\\/\\\/bmi.expert\\\/#website\"},\"primaryImageOfPage\":{\"@id\":\"https:\\\/\\\/bmi.expert\\\/#primaryimage\"},\"image\":{\"@id\":\"https:\\\/\\\/bmi.expert\\\/#primaryimage\"},\"thumbnailUrl\":\"https:\\\/\\\/bmi.expert\\\/wp-content\\\/uploads\\\/2022\\\/05\\\/2020-01-28-A-300-x-300.jpg\",\"datePublished\":\"2022-05-25T07:29:13+00:00\",\"dateModified\":\"2022-05-30T17:31:46+00:00\",\"breadcrumb\":{\"@id\":\"https:\\\/\\\/bmi.expert\\\/#breadcrumb\"},\"inLanguage\":\"en-US\",\"potentialAction\":[{\"@type\":\"ReadAction\",\"target\":[\"https:\\\/\\\/bmi.expert\\\/\"]}]},{\"@type\":\"ImageObject\",\"inLanguage\":\"en-US\",\"@id\":\"https:\\\/\\\/bmi.expert\\\/#primaryimage\",\"url\":\"https:\\\/\\\/bmi.expert\\\/wp-content\\\/uploads\\\/2022\\\/05\\\/2020-01-28-A-300-x-300.jpg\",\"contentUrl\":\"https:\\\/\\\/bmi.expert\\\/wp-content\\\/uploads\\\/2022\\\/05\\\/2020-01-28-A-300-x-300.jpg\"},{\"@type\":\"BreadcrumbList\",\"@id\":\"https:\\\/\\\/bmi.expert\\\/#breadcrumb\",\"itemListElement\":[{\"@type\":\"ListItem\",\"position\":1,\"name\":\"Startseite\",\"item\":\"https:\\\/\\\/bmi.expert\\\/\"},{\"@type\":\"ListItem\",\"position\":2,\"name\":\"Home\"}]},{\"@type\":\"WebSite\",\"@id\":\"https:\\\/\\\/bmi.expert\\\/#website\",\"url\":\"https:\\\/\\\/bmi.expert\\\/\",\"name\":\"BMI Expert\",\"description\":\"Strategische Innovationsberatung und Advisory f\u00fcr neuaufkommende Digitaltechnologien.\",\"publisher\":{\"@id\":\"https:\\\/\\\/bmi.expert\\\/#organization\"},\"potentialAction\":[{\"@type\":\"SearchAction\",\"target\":{\"@type\":\"EntryPoint\",\"urlTemplate\":\"https:\\\/\\\/bmi.expert\\\/?s={search_term_string}\"},\"query-input\":{\"@type\":\"PropertyValueSpecification\",\"valueRequired\":true,\"valueName\":\"search_term_string\"}}],\"inLanguage\":\"en-US\"},{\"@type\":\"Organization\",\"@id\":\"https:\\\/\\\/bmi.expert\\\/#organization\",\"name\":\"BMI Expert\",\"url\":\"https:\\\/\\\/bmi.expert\\\/\",\"logo\":{\"@type\":\"ImageObject\",\"inLanguage\":\"en-US\",\"@id\":\"https:\\\/\\\/bmi.expert\\\/#\\\/schema\\\/logo\\\/image\\\/\",\"url\":\"https:\\\/\\\/bmi.expert\\\/wp-content\\\/uploads\\\/2022\\\/05\\\/Logo-and-Favicon-BMI-Expert-V.7.jpg\",\"contentUrl\":\"https:\\\/\\\/bmi.expert\\\/wp-content\\\/uploads\\\/2022\\\/05\\\/Logo-and-Favicon-BMI-Expert-V.7.jpg\",\"width\":500,\"height\":500,\"caption\":\"BMI Expert\"},\"image\":{\"@id\":\"https:\\\/\\\/bmi.expert\\\/#\\\/schema\\\/logo\\\/image\\\/\"}}]}<\/script>\n<!-- \/ Yoast SEO plugin. -->","yoast_head_json":{"title":"Home - BMI Expert","robots":{"index":"index","follow":"follow","max-snippet":"max-snippet:-1","max-image-preview":"max-image-preview:large","max-video-preview":"max-video-preview:-1"},"canonical":"https:\/\/bmi.expert\/en\/","og_locale":"en_US","og_type":"article","og_title":"Home - BMI Expert","og_description":"Herzlich willkommen bei BMI Expert. Mein Name ist Richard Hagl. Ich bin Experte f\u00fcr die Innovation von Gesch\u00e4ftsmodellen (engl. Business Model Innovation, abgek\u00fcrzt BMI) und f\u00fcr digitale Technologien, wie Augmented Reality (AR) und Virtual Reality (VR). In dieser Funktion unterst\u00fctze ich meine Kunden bei der Weiterentwicklung ihrer Gesch\u00e4ftsmodelle und bei der erfolgreichen Umsetzung ihrer Augmented [&hellip;]","og_url":"https:\/\/bmi.expert\/en\/","og_site_name":"BMI Expert","article_modified_time":"2022-05-30T17:31:46+00:00","og_image":[{"url":"https:\/\/bmi.expert\/wp-content\/uploads\/2022\/05\/2020-01-28-A-300-x-300.jpg","type":"","width":"","height":""}],"twitter_card":"summary_large_image","twitter_misc":{"Est. reading time":"2 minutes"},"schema":{"@context":"https:\/\/schema.org","@graph":[{"@type":"WebPage","@id":"https:\/\/bmi.expert\/","url":"https:\/\/bmi.expert\/","name":"Home - BMI Expert","isPartOf":{"@id":"https:\/\/bmi.expert\/#website"},"primaryImageOfPage":{"@id":"https:\/\/bmi.expert\/#primaryimage"},"image":{"@id":"https:\/\/bmi.expert\/#primaryimage"},"thumbnailUrl":"https:\/\/bmi.expert\/wp-content\/uploads\/2022\/05\/2020-01-28-A-300-x-300.jpg","datePublished":"2022-05-25T07:29:13+00:00","dateModified":"2022-05-30T17:31:46+00:00","breadcrumb":{"@id":"https:\/\/bmi.expert\/#breadcrumb"},"inLanguage":"en-US","potentialAction":[{"@type":"ReadAction","target":["https:\/\/bmi.expert\/"]}]},{"@type":"ImageObject","inLanguage":"en-US","@id":"https:\/\/bmi.expert\/#primaryimage","url":"https:\/\/bmi.expert\/wp-content\/uploads\/2022\/05\/2020-01-28-A-300-x-300.jpg","contentUrl":"https:\/\/bmi.expert\/wp-content\/uploads\/2022\/05\/2020-01-28-A-300-x-300.jpg"},{"@type":"BreadcrumbList","@id":"https:\/\/bmi.expert\/#breadcrumb","itemListElement":[{"@type":"ListItem","position":1,"name":"Startseite","item":"https:\/\/bmi.expert\/"},{"@type":"ListItem","position":2,"name":"Home"}]},{"@type":"WebSite","@id":"https:\/\/bmi.expert\/#website","url":"https:\/\/bmi.expert\/","name":"BMI Expert","description":"Strategic innovation consulting and advisory for emerging digital technologies.","publisher":{"@id":"https:\/\/bmi.expert\/#organization"},"potentialAction":[{"@type":"SearchAction","target":{"@type":"EntryPoint","urlTemplate":"https:\/\/bmi.expert\/?s={search_term_string}"},"query-input":{"@type":"PropertyValueSpecification","valueRequired":true,"valueName":"search_term_string"}}],"inLanguage":"en-US"},{"@type":"Organization","@id":"https:\/\/bmi.expert\/#organization","name":"BMI Expert","url":"https:\/\/bmi.expert\/","logo":{"@type":"ImageObject","inLanguage":"en-US","@id":"https:\/\/bmi.expert\/#\/schema\/logo\/image\/","url":"https:\/\/bmi.expert\/wp-content\/uploads\/2022\/05\/Logo-and-Favicon-BMI-Expert-V.7.jpg","contentUrl":"https:\/\/bmi.expert\/wp-content\/uploads\/2022\/05\/Logo-and-Favicon-BMI-Expert-V.7.jpg","width":500,"height":500,"caption":"BMI Expert"},"image":{"@id":"https:\/\/bmi.expert\/#\/schema\/logo\/image\/"}}]}},"_links":{"self":[{"href":"https:\/\/bmi.expert\/en\/wp-json\/wp\/v2\/pages\/253","targetHints":{"allow":["GET"]}}],"collection":[{"href":"https:\/\/bmi.expert\/en\/wp-json\/wp\/v2\/pages"}],"about":[{"href":"https:\/\/bmi.expert\/en\/wp-json\/wp\/v2\/types\/page"}],"author":[{"embeddable":true,"href":"https:\/\/bmi.expert\/en\/wp-json\/wp\/v2\/users\/2"}],"replies":[{"embeddable":true,"href":"https:\/\/bmi.expert\/en\/wp-json\/wp\/v2\/comments?post=253"}],"version-history":[{"count":10,"href":"https:\/\/bmi.expert\/en\/wp-json\/wp\/v2\/pages\/253\/revisions"}],"predecessor-version":[{"id":372,"href":"https:\/\/bmi.expert\/en\/wp-json\/wp\/v2\/pages\/253\/revisions\/372"}],"wp:attachment":[{"href":"https:\/\/bmi.expert\/en\/wp-json\/wp\/v2\/media?parent=253"}],"curies":[{"name":"wp","href":"https:\/\/api.w.org\/{rel}","templated":true}]}}