{"id":38,"date":"2021-10-26T14:48:11","date_gmt":"2021-10-26T12:48:11","guid":{"rendered":"https:\/\/bmi.expert\/?page_id=38"},"modified":"2026-02-10T18:55:06","modified_gmt":"2026-02-10T17:55:06","slug":"disclaimer","status":"publish","type":"page","link":"https:\/\/bmi.expert\/en\/disclaimer\/","title":{"rendered":"Disclaimer"},"content":{"rendered":"<p><strong>Inhalte dieser Website<\/strong><br>Die Inhalte dieser Website wurden mit gr\u00f6\u00dftm\u00f6glicher Sorgfalt erstellt. F\u00fcr die Richtigkeit, Vollst\u00e4ndigkeit und Aktualit\u00e4t der bereitgestellten Informationen \u00fcbernehmen wir jedoch keine Gew\u00e4hr.<\/p>\n\n\n\n<p>Als Diensteanbieter sind wir gem\u00e4\u00df \u00a7 7 Abs. 1 TMG f\u00fcr eigene Inhalte auf diesen Seiten nach den allgemeinen Gesetzen verantwortlich. Eine Haftung f\u00fcr konkrete Sch\u00e4den entsteht erst ab dem Zeitpunkt der Kenntnis einer konkreten Rechtsverletzung. Bei Bekanntwerden entsprechender Rechtsverletzungen werden diese Inhalte umgehend entfernt.<\/p>\n\n\n\n<hr class=\"wp-block-separator has-alpha-channel-opacity\"\/>\n\n\n\n<p><strong>Externe Links<\/strong><br>Diese Website enth\u00e4lt Links zu externen Websites Dritter. Auf deren Inhalte haben wir keinen Einfluss. F\u00fcr die Inhalte der verlinkten Seiten ist stets der jeweilige Anbieter oder Betreiber verantwortlich.<\/p>\n\n\n\n<p>Zum Zeitpunkt der Verlinkung waren keine rechtswidrigen Inhalte erkennbar. Eine permanente inhaltliche Kontrolle externer Links ist ohne konkrete Anhaltspunkte einer Rechtsverletzung nicht zumutbar. Bei Bekanntwerden von Rechtsverletzungen werden derartige Links umgehend entfernt.<\/p>\n\n\n\n<hr class=\"wp-block-separator has-alpha-channel-opacity\"\/>\n\n\n\n<p><strong>Copyright<\/strong><br>Die auf dieser Website ver\u00f6ffentlichten Inhalte und Werke unterliegen dem deutschen Urheberrecht.<br>Eine Vervielf\u00e4ltigung, Bearbeitung, Verbreitung oder sonstige Verwertung au\u00dferhalb der Grenzen des Urheberrechts bedarf der vorherigen schriftlichen Zustimmung des jeweiligen Rechteinhabers.<\/p>\n\n\n\n<p>Downloads und Kopien dieser Website sind nur f\u00fcr den privaten, nicht kommerziellen Gebrauch gestattet.<\/p>\n\n\n\n<hr class=\"wp-block-separator has-alpha-channel-opacity\"\/>\n\n\n\n<p><strong>Kein Vertragsangebot<\/strong><br>Die Inhalte dieser Website stellen kein verbindliches Vertragsangebot dar. Art und Umfang einer Zusammenarbeit ergeben sich ausschlie\u00dflich aus individuellen Vereinbarungen.<\/p>","protected":false},"excerpt":{"rendered":"<p>Inhalte dieser WebsiteDie Inhalte dieser Website wurden mit gr\u00f6\u00dftm\u00f6glicher Sorgfalt erstellt. F\u00fcr die Richtigkeit, Vollst\u00e4ndigkeit und Aktualit\u00e4t der bereitgestellten Informationen \u00fcbernehmen wir jedoch keine Gew\u00e4hr. Als Diensteanbieter sind wir gem\u00e4\u00df \u00a7 7 Abs. 1 TMG f\u00fcr eigene Inhalte auf diesen Seiten nach den allgemeinen Gesetzen verantwortlich. Eine Haftung f\u00fcr konkrete Sch\u00e4den entsteht erst ab dem [&hellip;]<\/p>\n","protected":false},"author":1,"featured_media":0,"parent":0,"menu_order":0,"comment_status":"closed","ping_status":"closed","template":"","meta":{"footnotes":""},"class_list":["post-38","page","type-page","status-publish","hentry"],"yoast_head":"<!-- This site is optimized with the Yoast SEO plugin v27.4 - https:\/\/yoast.com\/product\/yoast-seo-wordpress\/ -->\n<title>Haftungsausschluss - BMI Expert<\/title>\n<meta name=\"robots\" content=\"index, follow, max-snippet:-1, max-image-preview:large, max-video-preview:-1\" \/>\n<link rel=\"canonical\" href=\"https:\/\/bmi.expert\/en\/disclaimer\/\" \/>\n<meta property=\"og:locale\" content=\"en_US\" \/>\n<meta property=\"og:type\" content=\"article\" \/>\n<meta property=\"og:title\" content=\"Haftungsausschluss - BMI Expert\" \/>\n<meta property=\"og:description\" content=\"Inhalte dieser WebsiteDie Inhalte dieser Website wurden mit gr\u00f6\u00dftm\u00f6glicher Sorgfalt erstellt. F\u00fcr die Richtigkeit, Vollst\u00e4ndigkeit und Aktualit\u00e4t der bereitgestellten Informationen \u00fcbernehmen wir jedoch keine Gew\u00e4hr. Als Diensteanbieter sind wir gem\u00e4\u00df \u00a7 7 Abs. 1 TMG f\u00fcr eigene Inhalte auf diesen Seiten nach den allgemeinen Gesetzen verantwortlich. Eine Haftung f\u00fcr konkrete Sch\u00e4den entsteht erst ab dem [&hellip;]\" \/>\n<meta property=\"og:url\" content=\"https:\/\/bmi.expert\/en\/disclaimer\/\" \/>\n<meta property=\"og:site_name\" content=\"BMI Expert\" \/>\n<meta property=\"article:modified_time\" content=\"2026-02-10T17:55:06+00:00\" \/>\n<meta name=\"twitter:card\" content=\"summary_large_image\" \/>\n<meta name=\"twitter:label1\" content=\"Est. reading time\" \/>\n\t<meta name=\"twitter:data1\" content=\"2 minutes\" \/>\n<script type=\"application\/ld+json\" class=\"yoast-schema-graph\">{\"@context\":\"https:\\\/\\\/schema.org\",\"@graph\":[{\"@type\":\"WebPage\",\"@id\":\"https:\\\/\\\/bmi.expert\\\/disclaimer\\\/\",\"url\":\"https:\\\/\\\/bmi.expert\\\/disclaimer\\\/\",\"name\":\"Haftungsausschluss - BMI Expert\",\"isPartOf\":{\"@id\":\"https:\\\/\\\/bmi.expert\\\/#website\"},\"datePublished\":\"2021-10-26T12:48:11+00:00\",\"dateModified\":\"2026-02-10T17:55:06+00:00\",\"breadcrumb\":{\"@id\":\"https:\\\/\\\/bmi.expert\\\/disclaimer\\\/#breadcrumb\"},\"inLanguage\":\"en-US\",\"potentialAction\":[{\"@type\":\"ReadAction\",\"target\":[\"https:\\\/\\\/bmi.expert\\\/disclaimer\\\/\"]}]},{\"@type\":\"BreadcrumbList\",\"@id\":\"https:\\\/\\\/bmi.expert\\\/disclaimer\\\/#breadcrumb\",\"itemListElement\":[{\"@type\":\"ListItem\",\"position\":1,\"name\":\"Startseite\",\"item\":\"https:\\\/\\\/bmi.expert\\\/\"},{\"@type\":\"ListItem\",\"position\":2,\"name\":\"Haftungsausschluss\"}]},{\"@type\":\"WebSite\",\"@id\":\"https:\\\/\\\/bmi.expert\\\/#website\",\"url\":\"https:\\\/\\\/bmi.expert\\\/\",\"name\":\"BMI Expert\",\"description\":\"Strategische Innovationsberatung und Advisory f\u00fcr neuaufkommende Digitaltechnologien.\",\"publisher\":{\"@id\":\"https:\\\/\\\/bmi.expert\\\/#organization\"},\"potentialAction\":[{\"@type\":\"SearchAction\",\"target\":{\"@type\":\"EntryPoint\",\"urlTemplate\":\"https:\\\/\\\/bmi.expert\\\/?s={search_term_string}\"},\"query-input\":{\"@type\":\"PropertyValueSpecification\",\"valueRequired\":true,\"valueName\":\"search_term_string\"}}],\"inLanguage\":\"en-US\"},{\"@type\":\"Organization\",\"@id\":\"https:\\\/\\\/bmi.expert\\\/#organization\",\"name\":\"BMI Expert\",\"url\":\"https:\\\/\\\/bmi.expert\\\/\",\"logo\":{\"@type\":\"ImageObject\",\"inLanguage\":\"en-US\",\"@id\":\"https:\\\/\\\/bmi.expert\\\/#\\\/schema\\\/logo\\\/image\\\/\",\"url\":\"https:\\\/\\\/bmi.expert\\\/wp-content\\\/uploads\\\/2022\\\/05\\\/Logo-and-Favicon-BMI-Expert-V.7.jpg\",\"contentUrl\":\"https:\\\/\\\/bmi.expert\\\/wp-content\\\/uploads\\\/2022\\\/05\\\/Logo-and-Favicon-BMI-Expert-V.7.jpg\",\"width\":500,\"height\":500,\"caption\":\"BMI Expert\"},\"image\":{\"@id\":\"https:\\\/\\\/bmi.expert\\\/#\\\/schema\\\/logo\\\/image\\\/\"}}]}<\/script>\n<!-- \/ Yoast SEO plugin. -->","yoast_head_json":{"title":"Disclaimer - BMI Expert","robots":{"index":"index","follow":"follow","max-snippet":"max-snippet:-1","max-image-preview":"max-image-preview:large","max-video-preview":"max-video-preview:-1"},"canonical":"https:\/\/bmi.expert\/en\/disclaimer\/","og_locale":"en_US","og_type":"article","og_title":"Haftungsausschluss - BMI Expert","og_description":"Inhalte dieser WebsiteDie Inhalte dieser Website wurden mit gr\u00f6\u00dftm\u00f6glicher Sorgfalt erstellt. F\u00fcr die Richtigkeit, Vollst\u00e4ndigkeit und Aktualit\u00e4t der bereitgestellten Informationen \u00fcbernehmen wir jedoch keine Gew\u00e4hr. Als Diensteanbieter sind wir gem\u00e4\u00df \u00a7 7 Abs. 1 TMG f\u00fcr eigene Inhalte auf diesen Seiten nach den allgemeinen Gesetzen verantwortlich. Eine Haftung f\u00fcr konkrete Sch\u00e4den entsteht erst ab dem [&hellip;]","og_url":"https:\/\/bmi.expert\/en\/disclaimer\/","og_site_name":"BMI Expert","article_modified_time":"2026-02-10T17:55:06+00:00","twitter_card":"summary_large_image","twitter_misc":{"Est. reading time":"2 minutes"},"schema":{"@context":"https:\/\/schema.org","@graph":[{"@type":"WebPage","@id":"https:\/\/bmi.expert\/disclaimer\/","url":"https:\/\/bmi.expert\/disclaimer\/","name":"Disclaimer - BMI Expert","isPartOf":{"@id":"https:\/\/bmi.expert\/#website"},"datePublished":"2021-10-26T12:48:11+00:00","dateModified":"2026-02-10T17:55:06+00:00","breadcrumb":{"@id":"https:\/\/bmi.expert\/disclaimer\/#breadcrumb"},"inLanguage":"en-US","potentialAction":[{"@type":"ReadAction","target":["https:\/\/bmi.expert\/disclaimer\/"]}]},{"@type":"BreadcrumbList","@id":"https:\/\/bmi.expert\/disclaimer\/#breadcrumb","itemListElement":[{"@type":"ListItem","position":1,"name":"Startseite","item":"https:\/\/bmi.expert\/"},{"@type":"ListItem","position":2,"name":"Haftungsausschluss"}]},{"@type":"WebSite","@id":"https:\/\/bmi.expert\/#website","url":"https:\/\/bmi.expert\/","name":"BMI Expert","description":"Strategic innovation consulting and advisory for emerging digital technologies.","publisher":{"@id":"https:\/\/bmi.expert\/#organization"},"potentialAction":[{"@type":"SearchAction","target":{"@type":"EntryPoint","urlTemplate":"https:\/\/bmi.expert\/?s={search_term_string}"},"query-input":{"@type":"PropertyValueSpecification","valueRequired":true,"valueName":"search_term_string"}}],"inLanguage":"en-US"},{"@type":"Organization","@id":"https:\/\/bmi.expert\/#organization","name":"BMI Expert","url":"https:\/\/bmi.expert\/","logo":{"@type":"ImageObject","inLanguage":"en-US","@id":"https:\/\/bmi.expert\/#\/schema\/logo\/image\/","url":"https:\/\/bmi.expert\/wp-content\/uploads\/2022\/05\/Logo-and-Favicon-BMI-Expert-V.7.jpg","contentUrl":"https:\/\/bmi.expert\/wp-content\/uploads\/2022\/05\/Logo-and-Favicon-BMI-Expert-V.7.jpg","width":500,"height":500,"caption":"BMI Expert"},"image":{"@id":"https:\/\/bmi.expert\/#\/schema\/logo\/image\/"}}]}},"_links":{"self":[{"href":"https:\/\/bmi.expert\/en\/wp-json\/wp\/v2\/pages\/38","targetHints":{"allow":["GET"]}}],"collection":[{"href":"https:\/\/bmi.expert\/en\/wp-json\/wp\/v2\/pages"}],"about":[{"href":"https:\/\/bmi.expert\/en\/wp-json\/wp\/v2\/types\/page"}],"author":[{"embeddable":true,"href":"https:\/\/bmi.expert\/en\/wp-json\/wp\/v2\/users\/1"}],"replies":[{"embeddable":true,"href":"https:\/\/bmi.expert\/en\/wp-json\/wp\/v2\/comments?post=38"}],"version-history":[{"count":2,"href":"https:\/\/bmi.expert\/en\/wp-json\/wp\/v2\/pages\/38\/revisions"}],"predecessor-version":[{"id":401,"href":"https:\/\/bmi.expert\/en\/wp-json\/wp\/v2\/pages\/38\/revisions\/401"}],"wp:attachment":[{"href":"https:\/\/bmi.expert\/en\/wp-json\/wp\/v2\/media?parent=38"}],"curies":[{"name":"wp","href":"https:\/\/api.w.org\/{rel}","templated":true}]}}